{"id":5273,"date":"2021-12-16T14:58:30","date_gmt":"2021-12-16T13:58:30","guid":{"rendered":"https:\/\/format-design.com\/data-protection\/"},"modified":"2024-03-11T11:59:50","modified_gmt":"2024-03-11T10:59:50","slug":"data-protection","status":"publish","type":"page","link":"https:\/\/format-design.com\/en\/data-protection\/","title":{"rendered":"Data protection"},"content":{"rendered":"<p>&nbsp;<\/p>\n<p><strong>Datenschutzerkl\u00e4rung auf der eigenen Website<\/strong><br \/>\nWir kl\u00e4ren Nutzer unserer Website auf unserer Datenschutzerkl\u00e4rung \u00fcber die Erhebung, Verarbeitung und Nutzung von personenbezogenen Daten auf, wenn und soweit sie bei der Nutzung unserer Websites anfallen. Wir handeln beim Umgang mit diesen Daten unter strengster Beachtung der einschl\u00e4gigen gesetzlichen Datenschutzregelungen und der nachfolgenden Grunds\u00e4tze.<\/p>\n<p><strong>Datenvermeidung und Datensparsamkeit<\/strong><br \/>\nWir beachten den Grundsatz der Datenvermeidung und Datensparsamkeit. Dies bedeutet, dass wir so wenig personenbezogene Daten wie m\u00f6glich erheben, verarbeiten und nutzen.<\/p>\n<p><strong>Personenbezogene Daten und Einwilligung<\/strong><br \/>\nSoweit dies f\u00fcr die Begr\u00fcndung, Durchf\u00fchrung oder Beendigung eines vertraglichen oder vertrags\u00e4hnlichen Kundenverh\u00e4ltnisses erforderlich ist, werden wir personenbezogene Daten erheben, verarbeiten und nutzen. Ansonsten werden wir personenbezogene Daten nur nach vorheriger Einwilligung erheben, verarbeiten und nutzen. Personenbezogenen Daten werden nur zu dem in der Einwilligung erkl\u00e4rten Zweck und Umfang verwendet.<br \/>\nNutzer unserer Website k\u00f6nnen ihre Einwilligung jederzeit mit Wirkung f\u00fcr die Zukunft widerrufen. Nach Eingang des Widerrufs werden wir die Daten l\u00f6schen.<\/p>\n<p><strong>Automatisch generierte Daten<\/strong><br \/>\nIm Rahmen der Nutzung unserer Internetseiten kann es zu einer automatischen Verarbeitung von personenbezogenen Daten kommen. Hierzu z\u00e4hlen insbesondere der Name des Providers, IP-Adressen, der Browser-Typ und das Betriebssystem sowie die besuchten Websites inkl. etwaiger Suchw\u00f6rter und die Websites, von denen aus Nutzer uns im Internet besuchen. Die Verarbeitung erfolgt in allen vorgenannten F\u00e4llen anonym, d.h. eine Zuordnung der Daten zur Person (=personenbezogene Daten) ist ausgeschlossen.<\/p>\n<p><strong>Datenschutzhinweise zu Google Analytics<\/strong><br \/>\nDiese Website benutzt Google Analytics, einen Webanalysedienst der Google Inc. (\u00bbGoogle\u00ab) Google Analytics verwendet sog. \u00bbCookies\u00ab, Textdateien, die auf Ihrem Computer gespeichert werden und die in eine Analyse der Benutzung der Website durch Sie erm\u00f6glicht. Die durch den Cookie erzeugten Informationen \u00fcber Ihre Benutzung dieser Website (einschlie\u00dflich Ihrer IP-Adresse) wird an einen Server von Google in den USA \u00fcbertragen und dort gespeichert. Google wird diese Informationen benutzen, um Ihre Nutzung der Website auszuwerten, um Reports \u00fcber die Websiteaktivit\u00e4ten f\u00fcr die Websitebetreiber zusammenzustellen und um weitere mit der Websitenutzung und der Internetnutzung verbundenen Dienstleistungen zu erbringen. Auch wird Google diese Informationen gegebenenfalls an Dritte \u00fcbertragen, sofern dies gesetzlich vorgeschrieben oder soweit Dritte diese Daten im Auftrag von Google verarbeiten. Google wird in keinem Fall Ihre IP-Adresse mit anderen Daten der Google in Verbindung bringen. Sie k\u00f6nnen die Installation der Cookies durch eine entsprechende Einstellung Ihrer Browser Software verhindern; wir weisen Sie jedoch darauf hin, dass Sie in diesem Fall gegebenenfalls nicht s\u00e4mtliche Funktionen dieser Website voll umf\u00e4nglich nutzen k\u00f6nnen. Durch die Nutzung dieser Website erkl\u00e4ren Sie sich mit der Bearbeitung der \u00fcber Sie erhobenen Daten durch Google in der zuvor beschriebenen Art und Weise und zu dem zuvor benannten Zweck einverstanden.<\/p>\n<p>Sie k\u00f6nnen dar\u00fcber hinaus die Erfassung der durch das Cookie erzeugten und auf Ihre Nutzung der Website bezogenen Daten (inkl. Ihrer IP-Adresse) an Google sowie die Verarbeitung dieser Daten durch Google verhindern, indem sie das unter dem folgenden Link verf\u00fcgbare Browser-Plugin herunterladen und installieren:<br \/>\n<a title=\"Opens external link in new window\" href=\"http:\/\/tools.google.com\/dlpage\/gaoptout?hl=de\" target=\"_blank\" rel=\"noopener\">http:\/\/tools.google.com\/dlpage\/gaoptout?hl=de<\/a><\/p>\n<p>&nbsp;<\/p>\n<p><strong>Browser Plugin<\/strong><br \/>\nSie k\u00f6nnen die Speicherung der Cookies durch eine entsprechende Einstellung Ihrer Browser-Software verhindern; wir weisen Sie jedoch darauf hin, dass Sie in diesem Fall gegebenenfalls nicht s\u00e4mtliche Funktionen dieser Website vollumf\u00e4nglich werden nutzen k\u00f6nnen. Sie k\u00f6nnen dar\u00fcber hinaus die Erfassung der durch den Cookie erzeugten und auf Ihre Nutzung der Website bezogenen Daten (inkl. Ihrer IP-Adresse) an Google sowie die Verarbeitung dieser Daten durch Google verhindern, indem Sie das unter dem folgenden Link verf\u00fcgbare Browser-Plugin herunterladen und installieren: <a href=\"https:\/\/tools.google.com\/dlpage\/gaoptout?hl=de\" target=\"_blank\" rel=\"noopener\">https:\/\/tools.google.com\/dlpage\/gaoptout?hl=de<\/a><\/p>\n<p><strong>Soziale Netzwerke wie Facebook und Xing<\/strong><br \/>\nAuf unserer Website finden sich Verweise (Links) auf externe soziale Netzwerke wie Facebook und Xing. Die den Links zugewiesenen Funktionen, insbesondere die \u00dcbermittlung von Informationen und Nutzerdaten, werden nicht bereits durch das Besuchen unserer Website aktiviert, sondern erst durch das Anklicken der Links. Nach Anklicken dieser Links werden die Plugins der entsprechenden Netzwerke aktiviert und Ihr Browser stellt eine direkte Verbindung mit deren Servern her.<br \/>\nWenn Sie w\u00e4hrend des Besuchs unserer Website die Links anklicken, kann es zu einer \u00dcbermittlung Ihrer Nutzerdaten an das entsprechende Netzwerk und deren Verarbeitung durch das Netzwerk kommen. Wenn Sie w\u00e4hrend des Besuchs unserer Website die Links anklicken und gleichzeitig \u00fcber Ihr pers\u00f6nliches Benutzerkonto (Account) bei dem Netzwerk eingeloggt sind, kann die Information, dass Sie unsere Website besucht haben, an das Netzwerk weitergeleitet und dort in Zusammenhang mit Ihrem Account gespeichert werden. Um eine Zuordnung zu Ihrem Account bei dem entsprechenden Netzwerk zu verhindern, m\u00fcssen Sie sich vor dem Anklicken des Links aus Ihrem Account ausloggen.<br \/>\nZweck und Umfang der Datenerhebung durch die sozialen Netzwerke sowie die dortige weitere Verarbeitung und Nutzung Ihrer Daten wie auch Ihre diesbez\u00fcglichen Rechte und Einstellungsm\u00f6glichkeiten zum Schutz Ihrer Privatsph\u00e4re entnehmen Sie bitte den Datenschutzhinweisen des entsprechenden Netzwerks. F\u00fcr die Datenverarbeitung, die mit Anklicken des Links startet, ist allein das jeweilige soziale Netzwerk verantwortlich.<\/p>\n<p><strong>YouTube Videos<\/strong><br \/>\nUnsere Webseite nutzt Plugins der von Google betriebenen Seite YouTube. Betreiber der Seiten ist die YouTube, LLC, 901 Cherry Ave., San Bruno, CA 94066, USA. Wenn Sie eine unserer mit einem YouTube-Plugin ausgestatteten Seiten besuchen, wird eine Verbindung zu den Servern von YouTube hergestellt. Dabei wird dem Youtube-Server mitgeteilt, welche unserer Seiten Sie besucht haben.<br \/>\nWenn Sie in Ihrem YouTube-Account eingeloggt sind erm\u00f6glichen Sie YouTube, Ihr Surfverhalten direkt Ihrem pers\u00f6nlichen Profil zuzuordnen. Dies k\u00f6nnen Sie verhindern, indem Sie sich aus Ihrem YouTube-Account ausloggen.<br \/>\nWeitere Informationen zum Umgang von Nutzerdaten finden Sie in der Datenschutzerkl\u00e4rung von YouTube unter: <a href=\"https:\/\/www.google.de\/intl\/de\/policies\/privacy\" target=\"_blank\" rel=\"noopener\">https:\/\/www.google.de\/intl\/de\/policies\/privacy<\/a><\/p>\n<p><strong>SSL-Verschl\u00fcsselung zum Schutz der \u00dcbertragung vertraulicher Inhalte<\/strong><br \/>\nDiese Seite nutzt aus Gr\u00fcnden der Sicherheit und zum Schutz der \u00dcbertragung vertraulicher Inhalte, wie zum Beispiel der Anfragen, die Sie an uns als Seitenbetreiber senden, eine SSL Verschl\u00fcsselung. Eine verschl\u00fcsselte Verbindung erkennen Sie daran, dass die Adresszeile des Browsers von \u201chttp:\/\/\u201d auf \u201chttps:\/\/\u201d wechselt und an dem Schloss-Symbol in Ihrer Browserzeile.<br \/>\nWenn die SSL Verschl\u00fcsselung aktiviert ist, k\u00f6nnen die Daten, die Sie an uns \u00fcbermitteln, nicht von Dritten mitgelesen werden.<\/p>\n<p><strong>Widerspruchsrecht und Auskunftsrecht<\/strong><br \/>\nSie haben jederzeit das Recht auf unentgeltliche Auskunft \u00fcber Ihre bei uns gespeicherten personenbezogenen Daten, deren Herkunft und Empf\u00e4nger und den Zweck der Datenverarbeitung sowie ein Recht auf Berichtigung, Sperrung oder L\u00f6schung dieser Daten.<\/p>\n<p>Wenn Sie Fragen hierzu haben, die Ihnen diese Datenschutzerkl\u00e4rung nicht beantworten konnte, k\u00f6nnen Sie sich jederzeit unter folgender E-Mail-Adresse oder \u00fcber die im Impressum angegebenen Kontaktdaten an uns wenden: <a href=\"mailto:hello@format-design.com\">hello@format-design.com<\/a><\/p>\n","protected":false},"excerpt":{"rendered":"<p>&nbsp; Datenschutzerkl\u00e4rung auf der eigenen Website Wir<a class=\"read-more primary-color\" href=\"https:\/\/format-design.com\/en\/data-protection\/\"> \u2026<\/a><\/p>\n","protected":false},"author":1,"featured_media":0,"parent":0,"menu_order":14,"comment_status":"closed","ping_status":"closed","template":"","meta":{"_acf_changed":false,"footnotes":""},"class_list":["post-5273","page","type-page","status-publish","hentry"],"acf":[],"yoast_head":"<!-- This site is optimized with the Yoast SEO plugin v25.7 - https:\/\/yoast.com\/wordpress\/plugins\/seo\/ -->\n<title>Data protection &#8211; Format Design<\/title>\n<meta name=\"robots\" content=\"index, follow, max-snippet:-1, max-image-preview:large, max-video-preview:-1\" \/>\n<link rel=\"canonical\" href=\"https:\/\/format-design.com\/en\/data-protection\/\" \/>\n<meta property=\"og:locale\" content=\"en_US\" \/>\n<meta property=\"og:type\" content=\"article\" \/>\n<meta property=\"og:title\" content=\"Data protection &#8211; Format Design\" \/>\n<meta property=\"og:description\" content=\"&nbsp; Datenschutzerkl\u00e4rung auf der eigenen Website Wir \u2026\" \/>\n<meta property=\"og:url\" content=\"https:\/\/format-design.com\/en\/data-protection\/\" \/>\n<meta property=\"og:site_name\" content=\"Format Design\" \/>\n<meta property=\"article:modified_time\" content=\"2024-03-11T10:59:50+00:00\" \/>\n<meta name=\"twitter:card\" content=\"summary_large_image\" \/>\n<meta name=\"twitter:label1\" content=\"Est. reading time\" \/>\n\t<meta name=\"twitter:data1\" content=\"5 minutes\" \/>\n<script type=\"application\/ld+json\" class=\"yoast-schema-graph\">{\"@context\":\"https:\/\/schema.org\",\"@graph\":[{\"@type\":\"WebPage\",\"@id\":\"https:\/\/format-design.com\/en\/data-protection\/\",\"url\":\"https:\/\/format-design.com\/en\/data-protection\/\",\"name\":\"Data protection &#8211; Format Design\",\"isPartOf\":{\"@id\":\"https:\/\/format-design.com\/en\/#website\"},\"datePublished\":\"2021-12-16T13:58:30+00:00\",\"dateModified\":\"2024-03-11T10:59:50+00:00\",\"breadcrumb\":{\"@id\":\"https:\/\/format-design.com\/en\/data-protection\/#breadcrumb\"},\"inLanguage\":\"en-US\",\"potentialAction\":[{\"@type\":\"ReadAction\",\"target\":[\"https:\/\/format-design.com\/en\/data-protection\/\"]}]},{\"@type\":\"BreadcrumbList\",\"@id\":\"https:\/\/format-design.com\/en\/data-protection\/#breadcrumb\",\"itemListElement\":[{\"@type\":\"ListItem\",\"position\":1,\"name\":\"Startseite\",\"item\":\"https:\/\/format-design.com\/\"},{\"@type\":\"ListItem\",\"position\":2,\"name\":\"Data protection\"}]},{\"@type\":\"WebSite\",\"@id\":\"https:\/\/format-design.com\/en\/#website\",\"url\":\"https:\/\/format-design.com\/en\/\",\"name\":\"Format Design\",\"description\":\"\",\"publisher\":{\"@id\":\"https:\/\/format-design.com\/en\/#organization\"},\"potentialAction\":[{\"@type\":\"SearchAction\",\"target\":{\"@type\":\"EntryPoint\",\"urlTemplate\":\"https:\/\/format-design.com\/en\/?s={search_term_string}\"},\"query-input\":{\"@type\":\"PropertyValueSpecification\",\"valueRequired\":true,\"valueName\":\"search_term_string\"}}],\"inLanguage\":\"en-US\"},{\"@type\":\"Organization\",\"@id\":\"https:\/\/format-design.com\/en\/#organization\",\"name\":\"Format Design\",\"url\":\"https:\/\/format-design.com\/en\/\",\"logo\":{\"@type\":\"ImageObject\",\"inLanguage\":\"en-US\",\"@id\":\"https:\/\/format-design.com\/en\/#\/schema\/logo\/image\/\",\"url\":\"https:\/\/format-design.com\/wp-content\/uploads\/Format_Design_Logo.svg\",\"contentUrl\":\"https:\/\/format-design.com\/wp-content\/uploads\/Format_Design_Logo.svg\",\"width\":1,\"height\":1,\"caption\":\"Format Design\"},\"image\":{\"@id\":\"https:\/\/format-design.com\/en\/#\/schema\/logo\/image\/\"},\"sameAs\":[\"https:\/\/www.instagram.com\/format_design_hamburg\/\",\"https:\/\/www.linkedin.com\/company\/12804606\/\"]}]}<\/script>\n<!-- \/ Yoast SEO plugin. -->","yoast_head_json":{"title":"Data protection &#8211; Format Design","robots":{"index":"index","follow":"follow","max-snippet":"max-snippet:-1","max-image-preview":"max-image-preview:large","max-video-preview":"max-video-preview:-1"},"canonical":"https:\/\/format-design.com\/en\/data-protection\/","og_locale":"en_US","og_type":"article","og_title":"Data protection &#8211; Format Design","og_description":"&nbsp; Datenschutzerkl\u00e4rung auf der eigenen Website Wir \u2026","og_url":"https:\/\/format-design.com\/en\/data-protection\/","og_site_name":"Format Design","article_modified_time":"2024-03-11T10:59:50+00:00","twitter_card":"summary_large_image","twitter_misc":{"Est. reading time":"5 minutes"},"schema":{"@context":"https:\/\/schema.org","@graph":[{"@type":"WebPage","@id":"https:\/\/format-design.com\/en\/data-protection\/","url":"https:\/\/format-design.com\/en\/data-protection\/","name":"Data protection &#8211; Format Design","isPartOf":{"@id":"https:\/\/format-design.com\/en\/#website"},"datePublished":"2021-12-16T13:58:30+00:00","dateModified":"2024-03-11T10:59:50+00:00","breadcrumb":{"@id":"https:\/\/format-design.com\/en\/data-protection\/#breadcrumb"},"inLanguage":"en-US","potentialAction":[{"@type":"ReadAction","target":["https:\/\/format-design.com\/en\/data-protection\/"]}]},{"@type":"BreadcrumbList","@id":"https:\/\/format-design.com\/en\/data-protection\/#breadcrumb","itemListElement":[{"@type":"ListItem","position":1,"name":"Startseite","item":"https:\/\/format-design.com\/"},{"@type":"ListItem","position":2,"name":"Data protection"}]},{"@type":"WebSite","@id":"https:\/\/format-design.com\/en\/#website","url":"https:\/\/format-design.com\/en\/","name":"Format Design","description":"","publisher":{"@id":"https:\/\/format-design.com\/en\/#organization"},"potentialAction":[{"@type":"SearchAction","target":{"@type":"EntryPoint","urlTemplate":"https:\/\/format-design.com\/en\/?s={search_term_string}"},"query-input":{"@type":"PropertyValueSpecification","valueRequired":true,"valueName":"search_term_string"}}],"inLanguage":"en-US"},{"@type":"Organization","@id":"https:\/\/format-design.com\/en\/#organization","name":"Format Design","url":"https:\/\/format-design.com\/en\/","logo":{"@type":"ImageObject","inLanguage":"en-US","@id":"https:\/\/format-design.com\/en\/#\/schema\/logo\/image\/","url":"https:\/\/format-design.com\/wp-content\/uploads\/Format_Design_Logo.svg","contentUrl":"https:\/\/format-design.com\/wp-content\/uploads\/Format_Design_Logo.svg","width":1,"height":1,"caption":"Format Design"},"image":{"@id":"https:\/\/format-design.com\/en\/#\/schema\/logo\/image\/"},"sameAs":["https:\/\/www.instagram.com\/format_design_hamburg\/","https:\/\/www.linkedin.com\/company\/12804606\/"]}]}},"_links":{"self":[{"href":"https:\/\/format-design.com\/en\/wp-json\/wp\/v2\/pages\/5273","targetHints":{"allow":["GET"]}}],"collection":[{"href":"https:\/\/format-design.com\/en\/wp-json\/wp\/v2\/pages"}],"about":[{"href":"https:\/\/format-design.com\/en\/wp-json\/wp\/v2\/types\/page"}],"author":[{"embeddable":true,"href":"https:\/\/format-design.com\/en\/wp-json\/wp\/v2\/users\/1"}],"replies":[{"embeddable":true,"href":"https:\/\/format-design.com\/en\/wp-json\/wp\/v2\/comments?post=5273"}],"version-history":[{"count":0,"href":"https:\/\/format-design.com\/en\/wp-json\/wp\/v2\/pages\/5273\/revisions"}],"wp:attachment":[{"href":"https:\/\/format-design.com\/en\/wp-json\/wp\/v2\/media?parent=5273"}],"curies":[{"name":"wp","href":"https:\/\/api.w.org\/{rel}","templated":true}]}}